{"id":22,"date":"2020-03-13T23:36:28","date_gmt":"2020-03-13T23:36:28","guid":{"rendered":"https:\/\/aimaq.ca\/aimaq2020\/2020\/03\/13\/20-revision-v1\/"},"modified":"2026-04-12T13:06:10","modified_gmt":"2026-04-12T13:06:10","slug":"liste-des-membres-2","status":"publish","type":"page","link":"https:\/\/aimaq.ca\/en\/liste-des-membres-2\/","title":{"rendered":"List Of Members"},"content":{"rendered":"\n<p class=\"has-luminous-vivid-orange-color has-text-color\" style=\"font-size:14px\"><strong><a href=\"https:\/\/aimaq.ca\/wp-content\/uploads\/2026\/04\/Liste-Membres-Avril-2026-EN.pdf\" target=\"_blank\" rel=\"noreferrer noopener\">Cliquer ICI pour t\u00e9l\u00e9charger le fichier des territoires des inspecteurs (format PDF)<\/a><\/strong><\/p>\n\n\n\n<p style=\"font-size:15px\"><strong>les ** indiquent les territoires desservis par l&#8217;inspecteur<\/strong><\/p>\n\n\n\n<div class=\"wp-block-columns is-layout-flex wp-container-core-columns-is-layout-9d6595d7 wp-block-columns-is-layout-flex\">\n<div class=\"wp-block-column is-layout-flow wp-block-column-is-layout-flow\">\n<p style=\"font-size:15px\"><strong>Fran\u00e7ois Carpentier<\/strong>, pr\u00e9sident<br>Nauticsolution \/ Mont St-Gr\u00e9goire<br>(514) 823-6997<br><a href=\"http:\/\/www.avtechmarine.com\" target=\"_blank\" rel=\"noreferrer noopener\"><\/a><a href=\"mailto:nauticsolution@gmail.com\">nauticsolution@gmail.com<\/a><br>** Mont\u00e9r\u00e9gie, Estrie, Lac Champlain<\/p>\n<\/div>\n\n\n\n<div class=\"wp-block-column is-layout-flow wp-block-column-is-layout-flow\">\n<p style=\"font-size:15px\"><strong><strong><strong><strong>Sylvain Dupont<\/strong><\/strong><\/strong><\/strong>, vice-pr\u00e9sident<br>Inspecteur maritime \/ St-J\u00e9r\u00f4me<br>(514) 467-9339<br><a href=\"http:\/\/www.expertmaritime.ca\/\" target=\"_blank\" rel=\"noreferrer noopener\">www.expertmaritime.ca<\/a><br><a href=\"mailto:sylvaindupont@videotron.ca\">sylvaindupont@videotron.ca<\/a><br>** Le Qu\u00e9bec, l&#8217;Ontario, les Laurentides<\/p>\n<\/div>\n<\/div>\n\n\n\n<div class=\"wp-block-columns is-layout-flex wp-container-core-columns-is-layout-9d6595d7 wp-block-columns-is-layout-flex\">\n<div class=\"wp-block-column is-layout-flow wp-block-column-is-layout-flow\">\n<div class=\"wp-block-group is-nowrap is-layout-flex wp-container-core-group-is-layout-ad2f72ca wp-block-group-is-layout-flex\">\n<p style=\"font-size:15px\"><strong><strong>Pierre Richard, <\/strong><\/strong>tr\u00e9sorier<strong><strong><br><\/strong><\/strong>Inspecteur Maritime \/ Chambly<br>(438) 390-2587<br><a rel=\"noreferrer noopener\" href=\"http:\/\/www.richardexpertmaritime.com\/\" target=\"_blank\">www.richardexpertmaritime.com<\/a><br><a href=\"mailto:pierre@richardexpertmaritime.com\">pierre@richardexpertmaritime.com<\/a><br>** Montr\u00e9al, Mont\u00e9r\u00e9gie<\/p>\n<\/div>\n<\/div>\n\n\n\n<div class=\"wp-block-column is-layout-flow wp-block-column-is-layout-flow\">\n<p style=\"font-size:15px\"><strong><strong><strong>Jean-S\u00e9bastien Deschambault<\/strong><\/strong><\/strong>,<strong><strong> <\/strong><\/strong>secr\u00e9taire<br>Les Inspections Maritimes Jean-S\u00e9bastien Deschambault \/ Granby<br>(450) 775-9274<br><a href=\"https:\/\/www.inspectionbateau.com\/\" target=\"_blank\" rel=\"noreferrer noopener\">www.inspectionbateau.com<\/a><br><a href=\"mailto:jsdeschambault@gmail.com\">jsdeschambault@gmail.com<\/a><br>** R\u00e9gion Montr\u00e9al, Estrie, Mont\u00e9r\u00e9gie<\/p>\n<\/div>\n<\/div>\n\n\n\n<div class=\"wp-block-columns is-layout-flex wp-container-core-columns-is-layout-9d6595d7 wp-block-columns-is-layout-flex\">\n<div class=\"wp-block-column is-layout-flow wp-block-column-is-layout-flow\">\n<p style=\"font-size:15px\"><strong><strong><strong><strong>Paul Desrosiers<\/strong><\/strong><\/strong><\/strong><br>Inspection Maritime Saguenay \/ Ville de Saguenay<br>(418) 376-5151<br><a href=\"http:\/\/www.inspectionmaritimesaguenay.com\/\" target=\"_blank\" rel=\"noreferrer noopener\">www.inspectionmaritimesaguenay.com<\/a><br><a href=\"mailto:yuko.saguenay@hotmail.com\">yuko.saguenay@hotmail.com<\/a><br>** Saguenay-Lac-St-Jean, C\u00f4te-Nord<\/p>\n<\/div>\n\n\n\n<div class=\"wp-block-column is-layout-flow wp-block-column-is-layout-flow\">\n<p style=\"font-size:15px\"><strong><strong><strong>Joel Dionne<\/strong><\/strong><\/strong><br>Inspecteur maritime \/ Rimouski<br>(418) 723-8837<br><a href=\"https:\/\/www.inspection-maritime-survey.ca\" target=\"_blank\" rel=\"noreferrer noopener\">www.inspection-maritime-survey.ca<\/a><br><a href=\"mailto:jd@inspectionsmaritime.com\">jd@inspectionsmaritime.com<\/a><br>** Est du Qu\u00e9bec, les Maritimes<\/p>\n<\/div>\n<\/div>\n\n\n\n<div class=\"wp-block-columns is-layout-flex wp-container-core-columns-is-layout-9d6595d7 wp-block-columns-is-layout-flex\">\n<div class=\"wp-block-column is-layout-flow wp-block-column-is-layout-flow\">\n<p style=\"font-size:15px\"><strong><strong><strong><strong>Philippe Dourlet<\/strong><\/strong><br><\/strong><\/strong>Inspections Maritimes Bleu Marin \/ Ville de Qu\u00e9bec<br>(581) 992-2926<br><a href=\"http:\/\/www.bleumarin.com\/\" target=\"_blank\" rel=\"noreferrer noopener\">www.bleumarin.com<\/a><br><a href=\"mailto:philippe@bleumarin.com\">philippe@bleumarin.com<\/a><br>** Le Qu\u00e9bec, l&#8217;Ontario, les Maritimes<\/p>\n<\/div>\n\n\n\n<div class=\"wp-block-column is-layout-flow wp-block-column-is-layout-flow\">\n<p style=\"font-size:15px\"><strong>Jonathan Dupont<br><\/strong>Inspection Maritime Prestige<br>(438) 390-6675<a href=\"https:\/\/surveymauricie.jimdofree.com\/\" target=\"_blank\" rel=\"noreferrer noopener\"><br><\/a><a href=\"mailto:inspectionmaritimeprestige@gmail.com\">inspectionmaritimeprestige@gmail.com<\/a><br>** L&#8217;Ontario, Les Laurentides, L&#8217;Outaouais<\/p>\n<\/div>\n<\/div>\n\n\n\n<div class=\"wp-block-columns is-layout-flex wp-container-core-columns-is-layout-9d6595d7 wp-block-columns-is-layout-flex\">\n<div class=\"wp-block-column is-layout-flow wp-block-column-is-layout-flow\">\n<p style=\"font-size:15px\"><strong><strong><strong><strong>Marc Lauzier<br><\/strong><\/strong><\/strong><\/strong>Inspecteur Maritime \/ Montr\u00e9al<br>(514) 771-9380 \/ (514) 515-9063 <br><a href=\"mailto:marc.lauzier@hotmail.com\">marc.lauzier@hotmail.com<\/a><br>** Rive sud de Montr\u00e9al, Lac Champlain, Estrie<\/p>\n<\/div>\n\n\n\n<div class=\"wp-block-column is-layout-flow wp-block-column-is-layout-flow\">\n<div class=\"wp-block-group is-nowrap is-layout-flex wp-container-core-group-is-layout-ad2f72ca wp-block-group-is-layout-flex\">\n<p style=\"font-size:15px\"><strong><strong>Serge Perron<\/strong><\/strong><strong><strong><br><\/strong><\/strong>Solyvoile \/ L\u00e9vis<br>(418) 831-2296 \/ (514) 793-4554<br><a href=\"http:\/\/www.solyvoile.com\/inspection\" target=\"_blank\" rel=\"noreferrer noopener\">www.solyvoile.com\/inspection<\/a><br><a href=\"mailto:solyvoile@hotmail.com\">solyvoile@hotmail.com<\/a><br>** Le Qu\u00e9bec, l&#8217;Ontario, les Caraibes<\/p>\n<\/div>\n<\/div>\n<\/div>\n\n\n\n<div class=\"wp-block-columns is-layout-flex wp-container-core-columns-is-layout-9d6595d7 wp-block-columns-is-layout-flex\">\n<div class=\"wp-block-column is-layout-flow wp-block-column-is-layout-flow\">\n<div class=\"wp-block-group is-nowrap is-layout-flex wp-container-core-group-is-layout-ad2f72ca wp-block-group-is-layout-flex\">\n<p style=\"font-size:15px\"><strong><strong><strong><strong>Sebastian Plotkin<br><\/strong><\/strong><\/strong><\/strong>Solutions Miramar \/ Magog<br>(514) 618-6361<br><a href=\"https:\/\/www.solutionsmiramar.com\" target=\"_blank\" rel=\"noreferrer noopener\">www.solutionsmiramar.com<\/a><br><a href=\"mailto:info@solutionsmiramar.com\">info@solutionsmiramar.com<\/a><br>** Estrie, Mont\u00e9r\u00e9gie, reste du Qu\u00e9bec<\/p>\n<\/div>\n<\/div>\n\n\n\n<div class=\"wp-block-column is-layout-flow wp-block-column-is-layout-flow\">\n<p style=\"font-size:15px\"><strong>Michel Robichaud<br><\/strong>Survey Mauricie<br>(819)-699-7629<br><a href=\"https:\/\/surveymauricie.jimdofree.com\/\" target=\"_blank\" rel=\"noreferrer noopener\">www.surveymauricie.jimdofree.com<br><\/a><a href=\"mailto:surveymauricie@gmail.com\">surveymauricie@gmail.com<\/a><br>** Centre du Qu\u00e9bec, Montr\u00e9al, Qu\u00e9bec<\/p>\n<\/div>\n<\/div>\n\n\n\n<p style=\"font-size:15px\"><strong>David Sabourin<br><\/strong>Prestige Worldwide Inspections Maritimes \/ Montr\u00e9al<br>(514)-831-7821<br><a href=\"https:\/\/www.prestigeboatsurvey.com\" target=\"_blank\" rel=\"noreferrer noopener\">www.prestigeboatsurvey.com<\/a><br><a href=\"mailto:davesab@hotmail.ca\">davesab@hotmail.ca<\/a><br>** Montr\u00e9al, Lanaudi\u00e8re, Centre du Qu\u00e9bec<\/p>\n","protected":false},"excerpt":{"rendered":"<p>Cliquer ICI pour t\u00e9l\u00e9charger le fichier des territoires des inspecteurs (format PDF) les ** indiquent les territoires desservis par l&#8217;inspecteur Fran\u00e7ois Carpentier, pr\u00e9sidentNauticsolution \/ Mont St-Gr\u00e9goire(514)&#46;&#46;&#46;<\/p>\n","protected":false},"author":1,"featured_media":0,"parent":0,"menu_order":0,"comment_status":"closed","ping_status":"closed","template":"","meta":{"footnotes":""},"class_list":["post-22","page","type-page","status-publish","hentry"],"_links":{"self":[{"href":"https:\/\/aimaq.ca\/en\/wp-json\/wp\/v2\/pages\/22","targetHints":{"allow":["GET"]}}],"collection":[{"href":"https:\/\/aimaq.ca\/en\/wp-json\/wp\/v2\/pages"}],"about":[{"href":"https:\/\/aimaq.ca\/en\/wp-json\/wp\/v2\/types\/page"}],"author":[{"embeddable":true,"href":"https:\/\/aimaq.ca\/en\/wp-json\/wp\/v2\/users\/1"}],"replies":[{"embeddable":true,"href":"https:\/\/aimaq.ca\/en\/wp-json\/wp\/v2\/comments?post=22"}],"version-history":[{"count":295,"href":"https:\/\/aimaq.ca\/en\/wp-json\/wp\/v2\/pages\/22\/revisions"}],"predecessor-version":[{"id":1096,"href":"https:\/\/aimaq.ca\/en\/wp-json\/wp\/v2\/pages\/22\/revisions\/1096"}],"wp:attachment":[{"href":"https:\/\/aimaq.ca\/en\/wp-json\/wp\/v2\/media?parent=22"}],"curies":[{"name":"wp","href":"https:\/\/api.w.org\/{rel}","templated":true}]}}